{"id":808,"date":"2018-01-10T12:34:14","date_gmt":"2018-01-10T12:34:14","guid":{"rendered":"http:\/\/espaisjoves.com\/blog\/?page_id=808"},"modified":"2025-09-06T15:27:37","modified_gmt":"2025-09-06T15:27:37","slug":"estudio-juvenil","status":"publish","type":"page","link":"https:\/\/espaisjoves.com\/index.php\/es\/catalogo\/estudio-juvenil\/","title":{"rendered":"estudio juvenil"},"content":{"rendered":"<p>[et_pb_section fb_built=&#8221;1&#8243; _builder_version=&#8221;4.16&#8243; global_colors_info=&#8221;{}&#8221;][et_pb_row _builder_version=&#8221;4.16&#8243; background_size=&#8221;initial&#8221; background_position=&#8221;top_left&#8221; background_repeat=&#8221;repeat&#8221; global_colors_info=&#8221;{}&#8221;][et_pb_column type=&#8221;4_4&#8243; _builder_version=&#8221;4.16&#8243; background_position=&#8221;top_left&#8221; custom_padding=&#8221;|||&#8221; global_colors_info=&#8221;{}&#8221; custom_padding__hover=&#8221;|||&#8221;][et_pb_text _builder_version=&#8221;4.16&#8243; global_colors_info=&#8221;{}&#8221;]<\/p>\n<h3>Estudio Juvenil<\/h3>\n<p>[\/et_pb_text][et_pb_gallery gallery_ids=&#8221;2475,2461,3702,2471,2469,2616,2117,2473,2467,2557,2477,2614&#8243; posts_number=&#8221;12&#8243; show_title_and_caption=&#8221;off&#8221; show_pagination=&#8221;off&#8221; zoom_icon_color=&#8221;#00302f&#8221; _builder_version=&#8221;4.22.2&#8243; hover_enabled=&#8221;0&#8243; custom_css_gallery_item=&#8221; width: 24.84%;|| margin: 0 0.2% 0.2% 0;&#8221; saved_tabs=&#8221;all&#8221; global_colors_info=&#8221;{}&#8221; sticky_enabled=&#8221;0&#8243;][\/et_pb_gallery][et_pb_text _builder_version=&#8221;4.16&#8243; global_colors_info=&#8221;{}&#8221;]En espais joves, las habitaciones juveniles est\u00e1n pensadas a partir de muebles de est\u00e9tica joven. Camas fijas, abatibles y compactas. Literas, estanter\u00edas, mesas para estudiar&#8230; Todo con combinaciones modernas y actuales con colores y tonalidades que se adaptan a las necesidades y estilo de vida de tus hijos.<br \/>\n[\/et_pb_text][\/et_pb_column][\/et_pb_row][\/et_pb_section]<\/p>\n","protected":false},"excerpt":{"rendered":"<p>Estudio Juvenil En espais joves, las habitaciones juveniles est\u00e1n pensadas a partir de muebles de est\u00e9tica joven. Camas fijas, abatibles y compactas. Literas, estanter\u00edas, mesas para estudiar&#8230; Todo con combinaciones modernas y actuales con colores y tonalidades que se adaptan a las necesidades y estilo de vida de tus hijos.<\/p>\n","protected":false},"author":1,"featured_media":0,"parent":759,"menu_order":0,"comment_status":"closed","ping_status":"closed","template":"","meta":{"_et_pb_use_builder":"on","_et_pb_old_content":"","_et_gb_content_width":"","footnotes":""},"class_list":["post-808","page","type-page","status-publish","hentry"],"_links":{"self":[{"href":"https:\/\/espaisjoves.com\/index.php\/wp-json\/wp\/v2\/pages\/808","targetHints":{"allow":["GET"]}}],"collection":[{"href":"https:\/\/espaisjoves.com\/index.php\/wp-json\/wp\/v2\/pages"}],"about":[{"href":"https:\/\/espaisjoves.com\/index.php\/wp-json\/wp\/v2\/types\/page"}],"author":[{"embeddable":true,"href":"https:\/\/espaisjoves.com\/index.php\/wp-json\/wp\/v2\/users\/1"}],"replies":[{"embeddable":true,"href":"https:\/\/espaisjoves.com\/index.php\/wp-json\/wp\/v2\/comments?post=808"}],"version-history":[{"count":17,"href":"https:\/\/espaisjoves.com\/index.php\/wp-json\/wp\/v2\/pages\/808\/revisions"}],"predecessor-version":[{"id":3705,"href":"https:\/\/espaisjoves.com\/index.php\/wp-json\/wp\/v2\/pages\/808\/revisions\/3705"}],"up":[{"embeddable":true,"href":"https:\/\/espaisjoves.com\/index.php\/wp-json\/wp\/v2\/pages\/759"}],"wp:attachment":[{"href":"https:\/\/espaisjoves.com\/index.php\/wp-json\/wp\/v2\/media?parent=808"}],"curies":[{"name":"wp","href":"https:\/\/api.w.org\/{rel}","templated":true}]}}