{"id":806,"date":"2018-01-10T12:33:56","date_gmt":"2018-01-10T12:33:56","guid":{"rendered":"http:\/\/espaisjoves.com\/blog\/?page_id=806"},"modified":"2025-09-06T14:55:30","modified_gmt":"2025-09-06T14:55:30","slug":"tapizados","status":"publish","type":"page","link":"https:\/\/espaisjoves.com\/index.php\/es\/catalogo\/tapizados\/","title":{"rendered":"tapizados"},"content":{"rendered":"<p>[et_pb_section fb_built=&#8221;1&#8243; _builder_version=&#8221;4.16&#8243; global_colors_info=&#8221;{}&#8221;][et_pb_row _builder_version=&#8221;4.16&#8243; background_size=&#8221;initial&#8221; background_position=&#8221;top_left&#8221; background_repeat=&#8221;repeat&#8221; global_colors_info=&#8221;{}&#8221;][et_pb_column type=&#8221;4_4&#8243; _builder_version=&#8221;4.16&#8243; background_position=&#8221;top_left&#8221; custom_padding=&#8221;|||&#8221; global_colors_info=&#8221;{}&#8221; custom_padding__hover=&#8221;|||&#8221;][et_pb_text _builder_version=&#8221;4.16&#8243; global_colors_info=&#8221;{}&#8221;]<\/p>\n<h3>Tapizados<\/h3>\n<p>[\/et_pb_text][et_pb_gallery gallery_ids=&#8221;3665,2547,2627,3667,1425,2222,2216,2206,3662,2212,1424,2201&#8243; posts_number=&#8221;12&#8243; show_title_and_caption=&#8221;off&#8221; show_pagination=&#8221;off&#8221; zoom_icon_color=&#8221;#00302f&#8221; _builder_version=&#8221;4.22.2&#8243; hover_enabled=&#8221;0&#8243; custom_css_gallery_item=&#8221; width: 24.84%;|| margin: 0 0.2% 0.2% 0;&#8221; border_style=&#8221;solid&#8221; saved_tabs=&#8221;all&#8221; global_colors_info=&#8221;{}&#8221; sticky_enabled=&#8221;0&#8243;]&nbsp;<br \/>\n[\/et_pb_gallery][et_pb_text _builder_version=&#8221;4.16&#8243; global_colors_info=&#8221;{}&#8221;]Comodidad y elegancia en la tapicer\u00eda de EspaisJoves. Podr\u00e1s escoger el estilo, dise\u00f1o y diferentes acabados. Sof\u00e1s con &#8220;chaiselongue&#8221;, pufs integrados,sof\u00e1s ba\u00fal&#8230; Asientos desplazables&#8230;<br \/>\n[\/et_pb_text][\/et_pb_column][\/et_pb_row][\/et_pb_section]<\/p>\n","protected":false},"excerpt":{"rendered":"<p>Tapizados &nbsp; Comodidad y elegancia en la tapicer\u00eda de EspaisJoves. Podr\u00e1s escoger el estilo, dise\u00f1o y diferentes acabados. Sof\u00e1s con &#8220;chaiselongue&#8221;, pufs integrados,sof\u00e1s ba\u00fal&#8230; Asientos desplazables&#8230;<\/p>\n","protected":false},"author":1,"featured_media":0,"parent":759,"menu_order":0,"comment_status":"closed","ping_status":"closed","template":"","meta":{"_et_pb_use_builder":"on","_et_pb_old_content":"","_et_gb_content_width":"","footnotes":""},"class_list":["post-806","page","type-page","status-publish","hentry"],"_links":{"self":[{"href":"https:\/\/espaisjoves.com\/index.php\/wp-json\/wp\/v2\/pages\/806","targetHints":{"allow":["GET"]}}],"collection":[{"href":"https:\/\/espaisjoves.com\/index.php\/wp-json\/wp\/v2\/pages"}],"about":[{"href":"https:\/\/espaisjoves.com\/index.php\/wp-json\/wp\/v2\/types\/page"}],"author":[{"embeddable":true,"href":"https:\/\/espaisjoves.com\/index.php\/wp-json\/wp\/v2\/users\/1"}],"replies":[{"embeddable":true,"href":"https:\/\/espaisjoves.com\/index.php\/wp-json\/wp\/v2\/comments?post=806"}],"version-history":[{"count":18,"href":"https:\/\/espaisjoves.com\/index.php\/wp-json\/wp\/v2\/pages\/806\/revisions"}],"predecessor-version":[{"id":3670,"href":"https:\/\/espaisjoves.com\/index.php\/wp-json\/wp\/v2\/pages\/806\/revisions\/3670"}],"up":[{"embeddable":true,"href":"https:\/\/espaisjoves.com\/index.php\/wp-json\/wp\/v2\/pages\/759"}],"wp:attachment":[{"href":"https:\/\/espaisjoves.com\/index.php\/wp-json\/wp\/v2\/media?parent=806"}],"curies":[{"name":"wp","href":"https:\/\/api.w.org\/{rel}","templated":true}]}}