{"id":794,"date":"2018-01-10T12:32:48","date_gmt":"2018-01-10T12:32:48","guid":{"rendered":"http:\/\/espaisjoves.com\/blog\/?page_id=794"},"modified":"2021-07-24T10:49:08","modified_gmt":"2021-07-24T10:49:08","slug":"vestidores","status":"publish","type":"page","link":"https:\/\/espaisjoves.com\/index.php\/es\/catalogo\/vestidores\/","title":{"rendered":"vestidores"},"content":{"rendered":"<p>[et_pb_section fb_built=&#8221;1&#8243; _builder_version=&#8221;3.22&#8243;][et_pb_row _builder_version=&#8221;3.25&#8243; background_size=&#8221;initial&#8221; background_position=&#8221;top_left&#8221; background_repeat=&#8221;repeat&#8221;][et_pb_column type=&#8221;4_4&#8243; _builder_version=&#8221;3.25&#8243; background_position=&#8221;top_left&#8221; custom_padding=&#8221;|||&#8221; custom_padding__hover=&#8221;|||&#8221;][et_pb_text _builder_version=&#8221;3.27.4&#8243; border_style=&#8221;solid&#8221;]<\/p>\n<h3>Vestidores<\/h3>\n<p>[\/et_pb_text][et_pb_gallery show_title_and_caption=&#8221;off&#8221; show_pagination=&#8221;off&#8221; zoom_icon_color=&#8221;#00302f&#8221; _builder_version=&#8221;4.9.2&#8243; custom_css_gallery_item=&#8221; width: 24.84%;|| margin: 0 0.2% 0.2% 0;&#8221; border_style=&#8221;solid&#8221; saved_tabs=&#8221;all&#8221; posts_number=&#8221;12&#8243; gallery_ids=&#8221;2514,2518,2506,2502,2512,2504,2510,2508,2498,2516,2495,2500&#8243; hover_enabled=&#8221;0&#8243; sticky_enabled=&#8221;0&#8243;]&nbsp;<br \/>\n[\/et_pb_gallery][et_pb_text _builder_version=&#8221;3.27.4&#8243; border_style=&#8221;solid&#8221;]Armarios y vestidores en espais joves con diferentes opciones y complementos. Est\u00e1n hechos a medida y t\u00fa podr\u00e1s tambi\u00e9n dise\u00f1ar los interiores y exteriores. Tenemos una soluci\u00f3n para cada necesidad: joyeros, corbateros, zapateros, perchas&#8230;<br \/>\n[\/et_pb_text][\/et_pb_column][\/et_pb_row][\/et_pb_section]<\/p>\n","protected":false},"excerpt":{"rendered":"<p>Vestidores &nbsp; Armarios y vestidores en espais joves con diferentes opciones y complementos. Est\u00e1n hechos a medida y t\u00fa podr\u00e1s tambi\u00e9n dise\u00f1ar los interiores y exteriores. Tenemos una soluci\u00f3n para cada necesidad: joyeros, corbateros, zapateros, perchas&#8230;<\/p>\n","protected":false},"author":1,"featured_media":0,"parent":759,"menu_order":0,"comment_status":"closed","ping_status":"closed","template":"","meta":{"_et_pb_use_builder":"on","_et_pb_old_content":"","_et_gb_content_width":"","footnotes":""},"class_list":["post-794","page","type-page","status-publish","hentry"],"_links":{"self":[{"href":"https:\/\/espaisjoves.com\/index.php\/wp-json\/wp\/v2\/pages\/794","targetHints":{"allow":["GET"]}}],"collection":[{"href":"https:\/\/espaisjoves.com\/index.php\/wp-json\/wp\/v2\/pages"}],"about":[{"href":"https:\/\/espaisjoves.com\/index.php\/wp-json\/wp\/v2\/types\/page"}],"author":[{"embeddable":true,"href":"https:\/\/espaisjoves.com\/index.php\/wp-json\/wp\/v2\/users\/1"}],"replies":[{"embeddable":true,"href":"https:\/\/espaisjoves.com\/index.php\/wp-json\/wp\/v2\/comments?post=794"}],"version-history":[{"count":5,"href":"https:\/\/espaisjoves.com\/index.php\/wp-json\/wp\/v2\/pages\/794\/revisions"}],"predecessor-version":[{"id":2670,"href":"https:\/\/espaisjoves.com\/index.php\/wp-json\/wp\/v2\/pages\/794\/revisions\/2670"}],"up":[{"embeddable":true,"href":"https:\/\/espaisjoves.com\/index.php\/wp-json\/wp\/v2\/pages\/759"}],"wp:attachment":[{"href":"https:\/\/espaisjoves.com\/index.php\/wp-json\/wp\/v2\/media?parent=794"}],"curies":[{"name":"wp","href":"https:\/\/api.w.org\/{rel}","templated":true}]}}