{"id":792,"date":"2018-01-10T12:32:25","date_gmt":"2018-01-10T12:32:25","guid":{"rendered":"http:\/\/espaisjoves.com\/blog\/?page_id=792"},"modified":"2024-07-27T09:28:04","modified_gmt":"2024-07-27T09:28:04","slug":"espacios-versatiles","status":"publish","type":"page","link":"https:\/\/espaisjoves.com\/index.php\/es\/catalogo\/espacios-versatiles\/","title":{"rendered":"espacios vers\u00e1tiles"},"content":{"rendered":"<p>[et_pb_section fb_built=&#8221;1&#8243; _builder_version=&#8221;4.16&#8243; global_colors_info=&#8221;{}&#8221;][et_pb_row _builder_version=&#8221;4.16&#8243; background_size=&#8221;initial&#8221; background_position=&#8221;top_left&#8221; background_repeat=&#8221;repeat&#8221; global_colors_info=&#8221;{}&#8221;][et_pb_column type=&#8221;4_4&#8243; _builder_version=&#8221;4.16&#8243; background_position=&#8221;top_left&#8221; custom_padding=&#8221;|||&#8221; global_colors_info=&#8221;{}&#8221; custom_padding__hover=&#8221;|||&#8221;][et_pb_text _builder_version=&#8221;4.16&#8243; global_colors_info=&#8221;{}&#8221;]<\/p>\n<h3>Espacios Vers\u00e1tiles<\/h3>\n<p>[\/et_pb_text][et_pb_gallery gallery_ids=&#8221;2094,3480,2138,2163,2194,3509,2180,2092,2136,2181,2192,3506&#8243; posts_number=&#8221;12&#8243; show_title_and_caption=&#8221;off&#8221; show_pagination=&#8221;off&#8221; zoom_icon_color=&#8221;#00302f&#8221; admin_label=&#8221;Galer\u00eda&#8221; _builder_version=&#8221;4.22.2&#8243; hover_enabled=&#8221;0&#8243; custom_css_gallery_item=&#8221; width: 24.84%;|| margin: 0 0.2% 0.2% 0;&#8221; saved_tabs=&#8221;all&#8221; global_colors_info=&#8221;{}&#8221; sticky_enabled=&#8221;0&#8243;][\/et_pb_gallery][et_pb_text _builder_version=&#8221;4.16&#8243; global_colors_info=&#8221;{}&#8221;]Tenemos propuestas para espacios multiusos: lofts, oficinas, estudios de creaci\u00f3n, gimnasios\u2026 Son espacios polivalentes donde todo es posible. Soluciones con dise\u00f1o que combinan lo mejor de cada espacio. Un estudio con gimnasio, una habitaci\u00f3n que parece un despacho, un estudio de creaci\u00f3n que puede crecer a medida que crece tu actividad profesional. Un estilo de vida para mentalidades abiertas y modernas.<br \/>\n[\/et_pb_text][\/et_pb_column][\/et_pb_row][\/et_pb_section]<\/p>\n","protected":false},"excerpt":{"rendered":"<p>Espacios Vers\u00e1tiles Tenemos propuestas para espacios multiusos: lofts, oficinas, estudios de creaci\u00f3n, gimnasios\u2026 Son espacios polivalentes donde todo es posible. Soluciones con dise\u00f1o que combinan lo mejor de cada espacio. Un estudio con gimnasio, una habitaci\u00f3n que parece un despacho, un estudio de creaci\u00f3n que puede crecer a medida que crece tu actividad profesional. Un [&hellip;]<\/p>\n","protected":false},"author":1,"featured_media":0,"parent":759,"menu_order":0,"comment_status":"closed","ping_status":"closed","template":"","meta":{"_et_pb_use_builder":"on","_et_pb_old_content":"","_et_gb_content_width":"","footnotes":""},"class_list":["post-792","page","type-page","status-publish","hentry"],"_links":{"self":[{"href":"https:\/\/espaisjoves.com\/index.php\/wp-json\/wp\/v2\/pages\/792","targetHints":{"allow":["GET"]}}],"collection":[{"href":"https:\/\/espaisjoves.com\/index.php\/wp-json\/wp\/v2\/pages"}],"about":[{"href":"https:\/\/espaisjoves.com\/index.php\/wp-json\/wp\/v2\/types\/page"}],"author":[{"embeddable":true,"href":"https:\/\/espaisjoves.com\/index.php\/wp-json\/wp\/v2\/users\/1"}],"replies":[{"embeddable":true,"href":"https:\/\/espaisjoves.com\/index.php\/wp-json\/wp\/v2\/comments?post=792"}],"version-history":[{"count":17,"href":"https:\/\/espaisjoves.com\/index.php\/wp-json\/wp\/v2\/pages\/792\/revisions"}],"predecessor-version":[{"id":3519,"href":"https:\/\/espaisjoves.com\/index.php\/wp-json\/wp\/v2\/pages\/792\/revisions\/3519"}],"up":[{"embeddable":true,"href":"https:\/\/espaisjoves.com\/index.php\/wp-json\/wp\/v2\/pages\/759"}],"wp:attachment":[{"href":"https:\/\/espaisjoves.com\/index.php\/wp-json\/wp\/v2\/media?parent=792"}],"curies":[{"name":"wp","href":"https:\/\/api.w.org\/{rel}","templated":true}]}}