{"id":789,"date":"2018-01-10T12:31:52","date_gmt":"2018-01-10T12:31:52","guid":{"rendered":"http:\/\/espaisjoves.com\/blog\/?page_id=789"},"modified":"2021-09-04T11:15:20","modified_gmt":"2021-09-04T11:15:20","slug":"descanso","status":"publish","type":"page","link":"https:\/\/espaisjoves.com\/index.php\/es\/catalogo\/descanso\/","title":{"rendered":"descanso"},"content":{"rendered":"<p>[et_pb_section fb_built=&#8221;1&#8243; _builder_version=&#8221;3.22&#8243;][et_pb_row _builder_version=&#8221;3.25&#8243; background_size=&#8221;initial&#8221; background_position=&#8221;top_left&#8221; background_repeat=&#8221;repeat&#8221;][et_pb_column type=&#8221;4_4&#8243; _builder_version=&#8221;3.25&#8243; background_position=&#8221;top_left&#8221; custom_padding=&#8221;|||&#8221; custom_padding__hover=&#8221;|||&#8221;][et_pb_text _builder_version=&#8221;3.27.4&#8243;]<\/p>\n<h3>Descanso<\/h3>\n<p>[\/et_pb_text][et_pb_gallery gallery_ids=&#8221;2707,2725,2729,2723,2727,2736,2714,2718,2731,2709,2716,917&#8243; posts_number=&#8221;12&#8243; show_title_and_caption=&#8221;off&#8221; show_pagination=&#8221;off&#8221; zoom_icon_color=&#8221;#00302f&#8221; _builder_version=&#8221;4.9.2&#8243; hover_enabled=&#8221;0&#8243; custom_css_gallery_item=&#8221; width: 24.84%;|| margin: 0 0.2% 0.2% 0;&#8221; saved_tabs=&#8221;all&#8221; sticky_enabled=&#8221;0&#8243;]\u00a0<br \/>\n[\/et_pb_gallery][et_pb_text _builder_version=&#8221;4.9.2&#8243;]<\/p>\n<p>En espais joves encontrar\u00e1s todo tipo de soluciones para el descanso de tu familia. Cabeceras y camas tapizadas, canap\u00e9s, arcones, colchones de viscogel, viscoel\u00e1stica,, l\u00e1tex, soja y muelles. Disponemos tambi\u00e9n de otros complementos y somieres.<\/p>\n<p>[\/et_pb_text][\/et_pb_column][\/et_pb_row][\/et_pb_section]<\/p>\n","protected":false},"excerpt":{"rendered":"<p>Descanso \u00a0 En espais joves encontrar\u00e1s todo tipo de soluciones para el descanso de tu familia. Cabeceras y camas tapizadas, canap\u00e9s, arcones, colchones de viscogel, viscoel\u00e1stica,, l\u00e1tex, soja y muelles. Disponemos tambi\u00e9n de otros complementos y somieres.<\/p>\n","protected":false},"author":1,"featured_media":0,"parent":759,"menu_order":0,"comment_status":"closed","ping_status":"closed","template":"","meta":{"_et_pb_use_builder":"on","_et_pb_old_content":"","_et_gb_content_width":"","footnotes":""},"class_list":["post-789","page","type-page","status-publish","hentry"],"_links":{"self":[{"href":"https:\/\/espaisjoves.com\/index.php\/wp-json\/wp\/v2\/pages\/789","targetHints":{"allow":["GET"]}}],"collection":[{"href":"https:\/\/espaisjoves.com\/index.php\/wp-json\/wp\/v2\/pages"}],"about":[{"href":"https:\/\/espaisjoves.com\/index.php\/wp-json\/wp\/v2\/types\/page"}],"author":[{"embeddable":true,"href":"https:\/\/espaisjoves.com\/index.php\/wp-json\/wp\/v2\/users\/1"}],"replies":[{"embeddable":true,"href":"https:\/\/espaisjoves.com\/index.php\/wp-json\/wp\/v2\/comments?post=789"}],"version-history":[{"count":15,"href":"https:\/\/espaisjoves.com\/index.php\/wp-json\/wp\/v2\/pages\/789\/revisions"}],"predecessor-version":[{"id":2741,"href":"https:\/\/espaisjoves.com\/index.php\/wp-json\/wp\/v2\/pages\/789\/revisions\/2741"}],"up":[{"embeddable":true,"href":"https:\/\/espaisjoves.com\/index.php\/wp-json\/wp\/v2\/pages\/759"}],"wp:attachment":[{"href":"https:\/\/espaisjoves.com\/index.php\/wp-json\/wp\/v2\/media?parent=789"}],"curies":[{"name":"wp","href":"https:\/\/api.w.org\/{rel}","templated":true}]}}