{"id":723,"date":"2018-01-08T11:44:01","date_gmt":"2018-01-08T11:44:01","guid":{"rendered":"http:\/\/espaisjoves.com\/blog\/?page_id=723"},"modified":"2021-10-23T08:58:05","modified_gmt":"2021-10-23T08:58:05","slug":"estudio","status":"publish","type":"page","link":"https:\/\/espaisjoves.com\/index.php\/es\/estudio\/","title":{"rendered":"ESTUDIO"},"content":{"rendered":"<p>[et_pb_section fb_built=&#8221;1&#8243; _builder_version=&#8221;3.22&#8243;][et_pb_row _builder_version=&#8221;3.25&#8243; background_size=&#8221;initial&#8221; background_position=&#8221;top_left&#8221; background_repeat=&#8221;repeat&#8221;][et_pb_column type=&#8221;4_4&#8243; _builder_version=&#8221;3.25&#8243; custom_padding=&#8221;|||&#8221; custom_padding__hover=&#8221;|||&#8221;][et_pb_text _builder_version=&#8221;3.27.4&#8243;]<\/p>\n<h3>Estudio de interiorismo de espais joves<\/h3>\n<p>En nuestro estudio de interiorismo ofrecemos a nuestros clientes soluciones innovadoras, nuevos conceptos est\u00e9ticos y dise\u00f1os espec\u00edficos. El estudio de espacios y vol\u00famenes har\u00e1 que el proyecto se adapte a sus necesidades y gustos. Todo proyecto se inicia buscando la mejor soluci\u00f3n distributiva de acuerdo con las indicaciones del cliente. Nuestros proyectos buscan constantemente el equilibrio y la sencillez. Dise\u00f1amos proyectos para que acaben siendo una realidad. Ofrecemos dos tipos de proyectos:<\/p>\n<p>[\/et_pb_text][\/et_pb_column][\/et_pb_row][et_pb_row column_structure=&#8221;1_2,1_2&#8243; _builder_version=&#8221;3.25&#8243; background_size=&#8221;initial&#8221; background_position=&#8221;top_left&#8221; background_repeat=&#8221;repeat&#8221;][et_pb_column type=&#8221;1_2&#8243; _builder_version=&#8221;3.25&#8243; custom_padding=&#8221;|||&#8221; custom_padding__hover=&#8221;|||&#8221;][et_pb_text _builder_version=&#8221;3.27.4&#8243;]<\/p>\n<h3>Proyecto de obras <\/h3>\n<p>Si los proyectos son de obras menores o mayores, hacemos los planos t\u00e9cnicos, el esquema de las instalaciones y el asesoramiento de los diversos materiales a utilizar.<br \/>\nLa direcci\u00f3n de obras puede incluir todos los trabajos a realizar por industriales bajo un seguimiento riguroso de cualidad y control de cumplimiento de plazos de ejecuci\u00f3n y presupuestos acordados.<br \/>\nEEl servicio de direcci\u00f3n de obras est\u00e1 avalado por t\u00e9cnicos colegiados.<\/p>\n<p>[\/et_pb_text][et_pb_image src=&#8221;http:\/\/espaisjoves.com\/wp-content\/uploads\/2021\/10\/bn.jpg&#8221; title_text=&#8221;bn&#8221; align_tablet=&#8221;center&#8221; align_phone=&#8221;&#8221; align_last_edited=&#8221;on|desktop&#8221; _builder_version=&#8221;4.9.2&#8243; animation_style=&#8221;slide&#8221; animation_direction=&#8221;left&#8221; animation_duration=&#8221;500ms&#8221; animation_intensity_slide=&#8221;10%&#8221;][\/et_pb_image][\/et_pb_column][et_pb_column type=&#8221;1_2&#8243; _builder_version=&#8221;3.25&#8243; custom_padding=&#8221;|||&#8221; custom_padding__hover=&#8221;|||&#8221;][et_pb_text _builder_version=&#8221;3.27.4&#8243; custom_margin=&#8221;||79px|||&#8221;]<\/p>\n<h3>Proyecto de interiorismo <\/h3>\n<p>El proyecto de interiorismo lo realizamos a partir del estudio del espacio buscando siempre las mejores soluciones con nuestro mobiliario y sus complementos.<br \/>\nEl estudio de este espacio, de sus vol\u00famenes, colores\u2026 har\u00e1 que el proyecto se adapte a sus necesidades y gustos.<\/p>\n<p>[\/et_pb_text][et_pb_image src=&#8221;http:\/\/espaisjoves.com\/wp-content\/uploads\/2021\/10\/Santa-Teresa-5-scaled.jpg&#8221; title_text=&#8221;Santa Teresa (5)&#8221; align_tablet=&#8221;center&#8221; align_phone=&#8221;&#8221; align_last_edited=&#8221;on|desktop&#8221; _builder_version=&#8221;4.9.2&#8243; animation_style=&#8221;slide&#8221; animation_direction=&#8221;left&#8221; animation_duration=&#8221;500ms&#8221; animation_intensity_slide=&#8221;10%&#8221;][\/et_pb_image][\/et_pb_column][\/et_pb_row][\/et_pb_section]<\/p>\n","protected":false},"excerpt":{"rendered":"<p>Estudio de interiorismo de espais joves En nuestro estudio de interiorismo ofrecemos a nuestros clientes soluciones innovadoras, nuevos conceptos est\u00e9ticos y dise\u00f1os espec\u00edficos. El estudio de espacios y vol\u00famenes har\u00e1 que el proyecto se adapte a sus necesidades y gustos. Todo proyecto se inicia buscando la mejor soluci\u00f3n distributiva de acuerdo con las indicaciones del [&hellip;]<\/p>\n","protected":false},"author":1,"featured_media":0,"parent":0,"menu_order":4,"comment_status":"closed","ping_status":"closed","template":"","meta":{"_et_pb_use_builder":"on","_et_pb_old_content":"","_et_gb_content_width":"","footnotes":""},"class_list":["post-723","page","type-page","status-publish","hentry"],"_links":{"self":[{"href":"https:\/\/espaisjoves.com\/index.php\/wp-json\/wp\/v2\/pages\/723","targetHints":{"allow":["GET"]}}],"collection":[{"href":"https:\/\/espaisjoves.com\/index.php\/wp-json\/wp\/v2\/pages"}],"about":[{"href":"https:\/\/espaisjoves.com\/index.php\/wp-json\/wp\/v2\/types\/page"}],"author":[{"embeddable":true,"href":"https:\/\/espaisjoves.com\/index.php\/wp-json\/wp\/v2\/users\/1"}],"replies":[{"embeddable":true,"href":"https:\/\/espaisjoves.com\/index.php\/wp-json\/wp\/v2\/comments?post=723"}],"version-history":[{"count":9,"href":"https:\/\/espaisjoves.com\/index.php\/wp-json\/wp\/v2\/pages\/723\/revisions"}],"predecessor-version":[{"id":2837,"href":"https:\/\/espaisjoves.com\/index.php\/wp-json\/wp\/v2\/pages\/723\/revisions\/2837"}],"wp:attachment":[{"href":"https:\/\/espaisjoves.com\/index.php\/wp-json\/wp\/v2\/media?parent=723"}],"curies":[{"name":"wp","href":"https:\/\/api.w.org\/{rel}","templated":true}]}}