{"id":682,"date":"2018-01-05T12:19:55","date_gmt":"2018-01-05T12:19:55","guid":{"rendered":"http:\/\/espaisjoves.com\/blog\/?page_id=682"},"modified":"2021-09-04T10:47:31","modified_gmt":"2021-09-04T10:47:31","slug":"descans","status":"publish","type":"page","link":"https:\/\/espaisjoves.com\/index.php\/cataleg\/descans\/","title":{"rendered":"descans"},"content":{"rendered":"<p>[et_pb_section fb_built=&#8221;1&#8243; _builder_version=&#8221;3.22&#8243;][et_pb_row _builder_version=&#8221;3.25&#8243; background_size=&#8221;initial&#8221; background_position=&#8221;top_left&#8221; background_repeat=&#8221;repeat&#8221;][et_pb_column type=&#8221;4_4&#8243; _builder_version=&#8221;3.25&#8243; background_position=&#8221;top_left&#8221; custom_padding=&#8221;|||&#8221; custom_padding__hover=&#8221;|||&#8221;][et_pb_text _builder_version=&#8221;3.27.4&#8243;]<\/p>\n<h3>Descans<\/h3>\n<p>[\/et_pb_text][et_pb_gallery gallery_ids=&#8221;1175,1179,1176,1181,1178,1180,1186,1184,1183,683,1185,693&#8243; posts_number=&#8221;12&#8243; show_title_and_caption=&#8221;off&#8221; show_pagination=&#8221;off&#8221; zoom_icon_color=&#8221;#00302f&#8221; _builder_version=&#8221;3.0.60&#8243; custom_css_gallery_item=&#8221; width: 24.84%;|| margin: 0 0.2% 0.2% 0;&#8221; saved_tabs=&#8221;all&#8221;]\u00a0<br \/>\n[\/et_pb_gallery][et_pb_text _builder_version=&#8221;4.9.2&#8243; hover_enabled=&#8221;0&#8243; sticky_enabled=&#8221;0&#8243;]<\/p>\n<p>A espais joves trobar\u00e0s tot tipus de solucions pel descans de la teva fam\u00edlia. Cap\u00e7als i llits entapissats, canap\u00e8s arc\u00f3, matalassos de viscogel, de viscoel\u00e0stica, de l\u00e0tex, de soja i molles. Tamb\u00e9 tenim altres complements i somiers.<\/p>\n<p>[\/et_pb_text][\/et_pb_column][\/et_pb_row][\/et_pb_section]<\/p>\n","protected":false},"excerpt":{"rendered":"<p>Descans \u00a0 A espais joves trobar\u00e0s tot tipus de solucions pel descans de la teva fam\u00edlia. Cap\u00e7als i llits entapissats, canap\u00e8s arc\u00f3, matalassos de viscogel, de viscoel\u00e0stica, de l\u00e0tex, de soja i molles. Tamb\u00e9 tenim altres complements i somiers.<\/p>\n","protected":false},"author":1,"featured_media":0,"parent":37,"menu_order":0,"comment_status":"closed","ping_status":"closed","template":"","meta":{"_et_pb_use_builder":"on","_et_pb_old_content":"","_et_gb_content_width":"","footnotes":""},"class_list":["post-682","page","type-page","status-publish","hentry"],"_links":{"self":[{"href":"https:\/\/espaisjoves.com\/index.php\/wp-json\/wp\/v2\/pages\/682","targetHints":{"allow":["GET"]}}],"collection":[{"href":"https:\/\/espaisjoves.com\/index.php\/wp-json\/wp\/v2\/pages"}],"about":[{"href":"https:\/\/espaisjoves.com\/index.php\/wp-json\/wp\/v2\/types\/page"}],"author":[{"embeddable":true,"href":"https:\/\/espaisjoves.com\/index.php\/wp-json\/wp\/v2\/users\/1"}],"replies":[{"embeddable":true,"href":"https:\/\/espaisjoves.com\/index.php\/wp-json\/wp\/v2\/comments?post=682"}],"version-history":[{"count":4,"href":"https:\/\/espaisjoves.com\/index.php\/wp-json\/wp\/v2\/pages\/682\/revisions"}],"predecessor-version":[{"id":2704,"href":"https:\/\/espaisjoves.com\/index.php\/wp-json\/wp\/v2\/pages\/682\/revisions\/2704"}],"up":[{"embeddable":true,"href":"https:\/\/espaisjoves.com\/index.php\/wp-json\/wp\/v2\/pages\/37"}],"wp:attachment":[{"href":"https:\/\/espaisjoves.com\/index.php\/wp-json\/wp\/v2\/media?parent=682"}],"curies":[{"name":"wp","href":"https:\/\/api.w.org\/{rel}","templated":true}]}}