{"id":663,"date":"2018-01-04T12:50:28","date_gmt":"2018-01-04T12:50:28","guid":{"rendered":"http:\/\/espaisjoves.com\/blog\/?page_id=663"},"modified":"2021-07-10T10:59:07","modified_gmt":"2021-07-10T10:59:07","slug":"vestidors","status":"publish","type":"page","link":"https:\/\/espaisjoves.com\/index.php\/cataleg\/vestidors\/","title":{"rendered":"vestidors"},"content":{"rendered":"<p>[et_pb_section fb_built=&#8221;1&#8243; _builder_version=&#8221;3.22&#8243;][et_pb_row _builder_version=&#8221;3.25&#8243; background_size=&#8221;initial&#8221; background_position=&#8221;top_left&#8221; background_repeat=&#8221;repeat&#8221;][et_pb_column type=&#8221;4_4&#8243; _builder_version=&#8221;3.25&#8243; background_position=&#8221;top_left&#8221; custom_padding=&#8221;|||&#8221; custom_padding__hover=&#8221;|||&#8221;][et_pb_text _builder_version=&#8221;3.27.4&#8243; border_style=&#8221;solid&#8221;]<\/p>\n<h3>Vestidors<\/h3>\n<p>[\/et_pb_text][et_pb_gallery gallery_ids=&#8221;2250,2248,2256,2258,2251,2257,2252,2255,2260,2249,2261,2259&#8243; posts_number=&#8221;12&#8243; show_title_and_caption=&#8221;off&#8221; show_pagination=&#8221;off&#8221; zoom_icon_color=&#8221;#00302f&#8221; _builder_version=&#8221;4.9.2&#8243; hover_enabled=&#8221;0&#8243; custom_css_gallery_item=&#8221; width: 24.84%;|| margin: 0 0.2% 0.2% 0;&#8221; border_style=&#8221;solid&#8221; saved_tabs=&#8221;all&#8221; sticky_enabled=&#8221;0&#8243;]&nbsp;<br \/>\n[\/et_pb_gallery][et_pb_text _builder_version=&#8221;3.27.4&#8243; border_style=&#8221;solid&#8221;]Armaris i vestidors a espais joves amb diferents opcions i complements. S\u00f3n fets a mida i podr\u00e0s dissenyar l&#8217;exterior i l&#8217;interior. Una soluci\u00f3 a cada necessitat: joiers, corbaters, pantaloners, sabaters, penjadors&#8230;<br \/>\n[\/et_pb_text][\/et_pb_column][\/et_pb_row][\/et_pb_section]<\/p>\n","protected":false},"excerpt":{"rendered":"<p>Vestidors &nbsp; Armaris i vestidors a espais joves amb diferents opcions i complements. S\u00f3n fets a mida i podr\u00e0s dissenyar l&#8217;exterior i l&#8217;interior. Una soluci\u00f3 a cada necessitat: joiers, corbaters, pantaloners, sabaters, penjadors&#8230;<\/p>\n","protected":false},"author":1,"featured_media":0,"parent":37,"menu_order":0,"comment_status":"closed","ping_status":"closed","template":"","meta":{"_et_pb_use_builder":"on","_et_pb_old_content":"","_et_gb_content_width":"","footnotes":""},"class_list":["post-663","page","type-page","status-publish","hentry"],"_links":{"self":[{"href":"https:\/\/espaisjoves.com\/index.php\/wp-json\/wp\/v2\/pages\/663","targetHints":{"allow":["GET"]}}],"collection":[{"href":"https:\/\/espaisjoves.com\/index.php\/wp-json\/wp\/v2\/pages"}],"about":[{"href":"https:\/\/espaisjoves.com\/index.php\/wp-json\/wp\/v2\/types\/page"}],"author":[{"embeddable":true,"href":"https:\/\/espaisjoves.com\/index.php\/wp-json\/wp\/v2\/users\/1"}],"replies":[{"embeddable":true,"href":"https:\/\/espaisjoves.com\/index.php\/wp-json\/wp\/v2\/comments?post=663"}],"version-history":[{"count":5,"href":"https:\/\/espaisjoves.com\/index.php\/wp-json\/wp\/v2\/pages\/663\/revisions"}],"predecessor-version":[{"id":2263,"href":"https:\/\/espaisjoves.com\/index.php\/wp-json\/wp\/v2\/pages\/663\/revisions\/2263"}],"up":[{"embeddable":true,"href":"https:\/\/espaisjoves.com\/index.php\/wp-json\/wp\/v2\/pages\/37"}],"wp:attachment":[{"href":"https:\/\/espaisjoves.com\/index.php\/wp-json\/wp\/v2\/media?parent=663"}],"curies":[{"name":"wp","href":"https:\/\/api.w.org\/{rel}","templated":true}]}}