{"id":615,"date":"2018-01-04T12:28:36","date_gmt":"2018-01-04T12:28:36","guid":{"rendered":"http:\/\/espaisjoves.com\/blog\/?page_id=615"},"modified":"2025-09-06T15:35:21","modified_gmt":"2025-09-06T15:35:21","slug":"jardi","status":"publish","type":"page","link":"https:\/\/espaisjoves.com\/index.php\/cataleg\/jardi\/","title":{"rendered":"jardi"},"content":{"rendered":"<p>[et_pb_section fb_built=&#8221;1&#8243; _builder_version=&#8221;4.16&#8243; global_colors_info=&#8221;{}&#8221;][et_pb_row _builder_version=&#8221;4.16&#8243; background_size=&#8221;initial&#8221; background_position=&#8221;top_left&#8221; background_repeat=&#8221;repeat&#8221; global_colors_info=&#8221;{}&#8221;][et_pb_column type=&#8221;4_4&#8243; _builder_version=&#8221;4.16&#8243; background_position=&#8221;top_left&#8221; custom_padding=&#8221;|||&#8221; global_colors_info=&#8221;{}&#8221; custom_padding__hover=&#8221;|||&#8221;][et_pb_text _builder_version=&#8221;4.16&#8243; global_colors_info=&#8221;{}&#8221;]<\/p>\n<h3>Jard\u00ed<\/h3>\n<p>[\/et_pb_text][et_pb_gallery gallery_ids=&#8221;3707,3420,3153,3408,2362,2363,2366,2364,2367,2379,2365,3428&#8243; posts_number=&#8221;12&#8243; show_title_and_caption=&#8221;off&#8221; show_pagination=&#8221;off&#8221; zoom_icon_color=&#8221;#00302f&#8221; _builder_version=&#8221;4.22.2&#8243; hover_enabled=&#8221;0&#8243; custom_css_gallery_item=&#8221; width: 24.84%;|| margin: 0 0.2% 0.2% 0;&#8221; saved_tabs=&#8221;all&#8221; global_colors_info=&#8221;{}&#8221; sticky_enabled=&#8221;0&#8243;]\u00a0<br \/>\n[\/et_pb_gallery][et_pb_text _builder_version=&#8221;4.16&#8243; global_colors_info=&#8221;{}&#8221;]<\/p>\n<p>A espais joves, tenim un ampli cat\u00e0leg en mobiliari d&#8217;exterior, varietat de colors i models. S\u00f3n productes d&#8217;alta qualitat amb m\u00faltiples prestacions. Mobles de fibra natural, sint\u00e8tica, combinacions amb alumini&#8230; Jardineres per exterior i interior amb una gran varietat de colors, textures, formes i aromes que crearan un ambient glamor\u00f2s.<\/p>\n<p>[\/et_pb_text][\/et_pb_column][\/et_pb_row][\/et_pb_section]<\/p>\n","protected":false},"excerpt":{"rendered":"<p>Jard\u00ed \u00a0 A espais joves, tenim un ampli cat\u00e0leg en mobiliari d&#8217;exterior, varietat de colors i models. S\u00f3n productes d&#8217;alta qualitat amb m\u00faltiples prestacions. Mobles de fibra natural, sint\u00e8tica, combinacions amb alumini&#8230; Jardineres per exterior i interior amb una gran varietat de colors, textures, formes i aromes que crearan un ambient glamor\u00f2s.<\/p>\n","protected":false},"author":1,"featured_media":0,"parent":37,"menu_order":0,"comment_status":"closed","ping_status":"closed","template":"","meta":{"_et_pb_use_builder":"on","_et_pb_old_content":"","_et_gb_content_width":"","footnotes":""},"class_list":["post-615","page","type-page","status-publish","hentry"],"_links":{"self":[{"href":"https:\/\/espaisjoves.com\/index.php\/wp-json\/wp\/v2\/pages\/615","targetHints":{"allow":["GET"]}}],"collection":[{"href":"https:\/\/espaisjoves.com\/index.php\/wp-json\/wp\/v2\/pages"}],"about":[{"href":"https:\/\/espaisjoves.com\/index.php\/wp-json\/wp\/v2\/types\/page"}],"author":[{"embeddable":true,"href":"https:\/\/espaisjoves.com\/index.php\/wp-json\/wp\/v2\/users\/1"}],"replies":[{"embeddable":true,"href":"https:\/\/espaisjoves.com\/index.php\/wp-json\/wp\/v2\/comments?post=615"}],"version-history":[{"count":17,"href":"https:\/\/espaisjoves.com\/index.php\/wp-json\/wp\/v2\/pages\/615\/revisions"}],"predecessor-version":[{"id":3709,"href":"https:\/\/espaisjoves.com\/index.php\/wp-json\/wp\/v2\/pages\/615\/revisions\/3709"}],"up":[{"embeddable":true,"href":"https:\/\/espaisjoves.com\/index.php\/wp-json\/wp\/v2\/pages\/37"}],"wp:attachment":[{"href":"https:\/\/espaisjoves.com\/index.php\/wp-json\/wp\/v2\/media?parent=615"}],"curies":[{"name":"wp","href":"https:\/\/api.w.org\/{rel}","templated":true}]}}