{"id":141,"date":"2017-12-07T09:37:52","date_gmt":"2017-12-07T09:37:52","guid":{"rendered":"http:\/\/espaisjoves.com\/blog\/?page_id=141"},"modified":"2025-09-06T15:06:12","modified_gmt":"2025-09-06T15:06:12","slug":"dormitoris","status":"publish","type":"page","link":"https:\/\/espaisjoves.com\/index.php\/cataleg\/dormitoris\/","title":{"rendered":"dormitoris"},"content":{"rendered":"<p>[et_pb_section fb_built=&#8221;1&#8243; _builder_version=&#8221;4.16&#8243; global_colors_info=&#8221;{}&#8221;][et_pb_row _builder_version=&#8221;4.16&#8243; background_size=&#8221;initial&#8221; background_position=&#8221;top_left&#8221; background_repeat=&#8221;repeat&#8221; global_colors_info=&#8221;{}&#8221;][et_pb_column type=&#8221;4_4&#8243; _builder_version=&#8221;4.16&#8243; custom_padding=&#8221;|||&#8221; global_colors_info=&#8221;{}&#8221; custom_padding__hover=&#8221;|||&#8221;][et_pb_text _builder_version=&#8221;4.16&#8243; global_colors_info=&#8221;{}&#8221;]<\/p>\n<h3>Dormitoris<\/h3>\n<p>[\/et_pb_text][et_pb_gallery gallery_ids=&#8221;3672,3594,2333,2322,1489,2323,137,130,1496,2332,2331,2334&#8243; posts_number=&#8221;12&#8243; show_title_and_caption=&#8221;off&#8221; show_pagination=&#8221;off&#8221; zoom_icon_color=&#8221;#00302f&#8221; _builder_version=&#8221;4.22.2&#8243; hover_enabled=&#8221;0&#8243; custom_css_gallery_item=&#8221; width: 24.84%;|| margin: 0 0.2% 0.2% 0;&#8221; saved_tabs=&#8221;all&#8221; global_colors_info=&#8221;{}&#8221; sticky_enabled=&#8221;0&#8243;][\/et_pb_gallery][et_pb_text _builder_version=&#8221;4.16&#8243; global_colors_info=&#8221;{}&#8221;]A espais joves no hi ha dos dormitoris iguals. Els projectes d&#8217;interiorisme s&#8217;adapten a les teves necessitats i gustos. Dormitoris amb moble jove, dormitoris de nit i de dia, dormitoris c\u00e0lids i dormitoris elegants. C\u00f2modes per emmagatzemar i tauletes de nit per somiar. Amb una amplia col\u2022lecci\u00f3 de cap\u00e7als i canap\u00e8s entapissats en tela o pell sint\u00e8tica. Amb acabats de fusta natural o lacats.<br \/>\n[\/et_pb_text][\/et_pb_column][\/et_pb_row][\/et_pb_section]<\/p>\n","protected":false},"excerpt":{"rendered":"<p>Dormitoris A espais joves no hi ha dos dormitoris iguals. Els projectes d&#8217;interiorisme s&#8217;adapten a les teves necessitats i gustos. Dormitoris amb moble jove, dormitoris de nit i de dia, dormitoris c\u00e0lids i dormitoris elegants. C\u00f2modes per emmagatzemar i tauletes de nit per somiar. Amb una amplia col\u2022lecci\u00f3 de cap\u00e7als i canap\u00e8s entapissats en tela [&hellip;]<\/p>\n","protected":false},"author":1,"featured_media":0,"parent":37,"menu_order":0,"comment_status":"closed","ping_status":"closed","template":"","meta":{"_et_pb_use_builder":"on","_et_pb_old_content":"","_et_gb_content_width":"","footnotes":""},"class_list":["post-141","page","type-page","status-publish","hentry"],"_links":{"self":[{"href":"https:\/\/espaisjoves.com\/index.php\/wp-json\/wp\/v2\/pages\/141","targetHints":{"allow":["GET"]}}],"collection":[{"href":"https:\/\/espaisjoves.com\/index.php\/wp-json\/wp\/v2\/pages"}],"about":[{"href":"https:\/\/espaisjoves.com\/index.php\/wp-json\/wp\/v2\/types\/page"}],"author":[{"embeddable":true,"href":"https:\/\/espaisjoves.com\/index.php\/wp-json\/wp\/v2\/users\/1"}],"replies":[{"embeddable":true,"href":"https:\/\/espaisjoves.com\/index.php\/wp-json\/wp\/v2\/comments?post=141"}],"version-history":[{"count":17,"href":"https:\/\/espaisjoves.com\/index.php\/wp-json\/wp\/v2\/pages\/141\/revisions"}],"predecessor-version":[{"id":3673,"href":"https:\/\/espaisjoves.com\/index.php\/wp-json\/wp\/v2\/pages\/141\/revisions\/3673"}],"up":[{"embeddable":true,"href":"https:\/\/espaisjoves.com\/index.php\/wp-json\/wp\/v2\/pages\/37"}],"wp:attachment":[{"href":"https:\/\/espaisjoves.com\/index.php\/wp-json\/wp\/v2\/media?parent=141"}],"curies":[{"name":"wp","href":"https:\/\/api.w.org\/{rel}","templated":true}]}}